{"id":15955,"date":"2024-07-29T23:06:18","date_gmt":"2024-07-29T23:06:18","guid":{"rendered":"https:\/\/coulinmedical.com\/?page_id=15955"},"modified":"2025-09-05T07:45:10","modified_gmt":"2025-09-05T07:45:10","slug":"contact","status":"publish","type":"page","link":"https:\/\/coulinmedical.com\/en\/contact\/","title":{"rendered":"CONTACT"},"content":{"rendered":"\t\t<div data-elementor-type=\"wp-page\" data-elementor-id=\"15955\" class=\"elementor elementor-15955\" data-elementor-post-type=\"page\">\n\t\t\t\t\t\t<section class=\"elementor-section elementor-top-section elementor-element elementor-element-108d0a53 elementor-section-full_width elementor-section-height-default elementor-section-height-default\" data-id=\"108d0a53\" data-element_type=\"section\" data-e-type=\"section\" data-settings=\"{&quot;background_background&quot;:&quot;classic&quot;}\">\n\t\t\t\t\t\t<div class=\"elementor-container elementor-column-gap-default\">\n\t\t\t\t\t<div class=\"elementor-column elementor-col-100 elementor-top-column elementor-element elementor-element-5e128500\" data-id=\"5e128500\" data-element_type=\"column\" data-e-type=\"column\">\n\t\t\t<div class=\"elementor-widget-wrap elementor-element-populated\">\n\t\t\t\t\t\t<section class=\"elementor-section elementor-inner-section elementor-element elementor-element-f6383ec elementor-section-boxed elementor-section-height-default elementor-section-height-default\" data-id=\"f6383ec\" data-element_type=\"section\" data-e-type=\"section\">\n\t\t\t\t\t\t<div class=\"elementor-container elementor-column-gap-default\">\n\t\t\t\t\t<div class=\"elementor-column elementor-col-100 elementor-inner-column elementor-element elementor-element-e8710c2\" data-id=\"e8710c2\" data-element_type=\"column\" data-e-type=\"column\">\n\t\t\t<div class=\"elementor-widget-wrap elementor-element-populated\">\n\t\t\t\t\t\t<div class=\"elementor-element elementor-element-df795f6 elementor-widget elementor-widget-heading\" data-id=\"df795f6\" data-element_type=\"widget\" data-e-type=\"widget\" data-widget_type=\"heading.default\">\n\t\t\t\t<div class=\"elementor-widget-container\">\n\t\t\t\t\t<h1 class=\"elementor-heading-title elementor-size-default\">PRENDRE RENDEZ-VOUS<\/h1>\t\t\t\t<\/div>\n\t\t\t\t<\/div>\n\t\t\t\t<div class=\"elementor-element elementor-element-34fae63 elementor-widget-divider--view-line elementor-widget elementor-widget-divider\" data-id=\"34fae63\" data-element_type=\"widget\" data-e-type=\"widget\" data-widget_type=\"divider.default\">\n\t\t\t\t<div class=\"elementor-widget-container\">\n\t\t\t\t\t\t\t<div class=\"elementor-divider\">\n\t\t\t<span class=\"elementor-divider-separator\">\n\t\t\t\t\t\t<\/span>\n\t\t<\/div>\n\t\t\t\t\t\t<\/div>\n\t\t\t\t<\/div>\n\t\t\t\t<div class=\"elementor-element elementor-element-e34820e elementor-widget elementor-widget-heading\" data-id=\"e34820e\" data-element_type=\"widget\" data-e-type=\"widget\" data-widget_type=\"heading.default\">\n\t\t\t\t<div class=\"elementor-widget-container\">\n\t\t\t\t\t<div class=\"elementor-heading-title elementor-size-default\">\u00abVotre premier pas vers des articulations en bonne sant\u00e9.\u00bb<\/div>\t\t\t\t<\/div>\n\t\t\t\t<\/div>\n\t\t\t\t<div class=\"elementor-element elementor-element-1815535 elementor-widget elementor-widget-text-editor\" data-id=\"1815535\" data-element_type=\"widget\" data-e-type=\"widget\" data-widget_type=\"text-editor.default\">\n\t\t\t\t<div class=\"elementor-widget-container\">\n\t\t\t\t\t\t\t\t\t<div class=\"sp\"><div class=\"inspectLayerContent block inspectRow\"><div class=\"content\"><div class=\"sp\"><div class=\"inspectLayerContent block inspectRow\"><div class=\"content\"><div class=\"sp\"><div class=\"inspectLayerContent block inspectRow\"><div class=\"content\"><div class=\"sp\"><div class=\"inspectLayerContent block inspectRow\"><div class=\"content\"><div class=\"sp\"><div class=\"inspectLayerContent block inspectRow\"><div class=\"content\"><div class=\"sp\"><div class=\"inspectLayerContent block inspectRow\"><div class=\"content\">Prenez rendez-vous d\u00e8s aujourd\u2019hui pour une consultation avec le Dr. Coulin. Nous sommes l\u00e0 pour vous aider \u00e0 retrouver votre mobilit\u00e9 et votre confort articulaire. Remplissez le formulaire ci-dessous et notre \u00e9quipe vous contactera dans les plus brefs d\u00e9lais pour confirmer votre rendez-vous.<\/div><\/div><\/div><\/div><\/div><\/div><\/div><\/div><\/div><\/div><\/div><\/div><\/div><\/div><\/div><\/div><\/div><\/div>\t\t\t\t\t\t\t\t<\/div>\n\t\t\t\t<\/div>\n\t\t\t\t\t<\/div>\n\t\t<\/div>\n\t\t\t\t\t<\/div>\n\t\t<\/section>\n\t\t\t\t\t<\/div>\n\t\t<\/div>\n\t\t\t\t\t<\/div>\n\t\t<\/section>\n\t\t\t\t<section class=\"elementor-section elementor-top-section elementor-element elementor-element-89e5560 elementor-section-boxed elementor-section-height-default elementor-section-height-default\" data-id=\"89e5560\" data-element_type=\"section\" data-e-type=\"section\">\n\t\t\t\t\t\t<div class=\"elementor-container elementor-column-gap-default\">\n\t\t\t\t\t<div class=\"elementor-column elementor-col-100 elementor-top-column elementor-element elementor-element-72121ca\" data-id=\"72121ca\" data-element_type=\"column\" data-e-type=\"column\">\n\t\t\t<div class=\"elementor-widget-wrap elementor-element-populated\">\n\t\t\t\t\t\t<div class=\"elementor-element elementor-element-8f0624e elementor-widget elementor-widget-formidable\" data-id=\"8f0624e\" data-element_type=\"widget\" data-e-type=\"widget\" data-widget_type=\"formidable.default\">\n\t\t\t\t<div class=\"elementor-widget-container\">\n\t\t\t\t\t<div class=\"frm_forms  with_frm_style frm_center_submit frm_style_formidable-style\" id=\"frm_form_1_container\" >\n<form enctype=\"multipart\/form-data\" method=\"post\" class=\"frm-show-form  frm_pro_form \" id=\"form_contact-form\" >\n<div class=\"frm_form_fields \">\n<fieldset>\n<legend class=\"frm_screen_reader\">Contact<\/legend>\r\n\r\n<div class=\"frm_fields_container\">\n<input type=\"hidden\" name=\"frm_action\" value=\"create\" \/>\n<input type=\"hidden\" name=\"form_id\" value=\"1\" \/>\n<input type=\"hidden\" name=\"frm_hide_fields_1\" id=\"frm_hide_fields_1\" value=\"\" \/>\n<input type=\"hidden\" name=\"form_key\" value=\"contact-form\" \/>\n<input type=\"hidden\" name=\"item_meta[0]\" value=\"\" \/>\n<input type=\"hidden\" id=\"frm_submit_entry_1\" name=\"frm_submit_entry_1\" value=\"e8476e7524\" \/><input type=\"hidden\" name=\"_wp_http_referer\" value=\"\/en\/wp-json\/wp\/v2\/pages\/15955\" \/><div id=\"frm_field_1_container\" class=\"frm_form_field form-field  frm_required_field frm_none_container frm_first frm_half\">\r\n\t<label for=\"field_qh4icy\" id=\"field_qh4icy_label\" class=\"frm_primary_label\">PR\u00c9NOM\r\n\t\t<span class=\"frm_required\" aria-hidden=\"true\">*<\/span>\r\n\t<\/label>\r\n\t<input  type=\"text\" id=\"field_qh4icy\" name=\"item_meta[1]\" value=\"\"  placeholder=\"PR\u00c9NOM*\" data-reqmsg=\"PR\u00c9NOM ne peut pas \u00eatre vide.\" aria-required=\"true\" data-invmsg=\"PR\u00c9NOM is invalid\" aria-invalid=\"false\"   \/>\r\n\t\r\n\t\r\n<\/div>\n<div id=\"frm_field_2_container\" class=\"frm_form_field form-field  frm_required_field frm_none_container frm_half\">\r\n\t<label for=\"field_ocfup1\" id=\"field_ocfup1_label\" class=\"frm_primary_label\">NOM\r\n\t\t<span class=\"frm_required\" aria-hidden=\"true\">*<\/span>\r\n\t<\/label>\r\n\t<input  type=\"text\" id=\"field_ocfup1\" name=\"item_meta[2]\" value=\"\"  placeholder=\"NOM*\" data-reqmsg=\"NOM ne peut pas \u00eatre vide.\" aria-required=\"true\" data-invmsg=\"NOM is invalid\" aria-invalid=\"false\"   \/>\r\n\t\r\n\t\r\n<\/div>\n<div id=\"frm_field_3_container\" class=\"frm_form_field form-field  frm_required_field frm_none_container frm6 frm6 frm_first\">\r\n\t<label for=\"field_29yf4d\" id=\"field_29yf4d_label\" class=\"frm_primary_label\">EMAIL\r\n\t\t<span class=\"frm_required\" aria-hidden=\"true\">*<\/span>\r\n\t<\/label>\r\n\t<input type=\"email\" id=\"field_29yf4d\" name=\"item_meta[3]\" value=\"\"  placeholder=\"EMAIL*\" data-reqmsg=\"EMAIL ne peut pas \u00eatre vide.\" aria-required=\"true\" data-invmsg=\"Veuillez saisir une adresse e-mail valide.\" aria-invalid=\"false\"  \/>\r\n\t\r\n\t\r\n<\/div>\n<div id=\"frm_field_8_container\" class=\"frm_form_field form-field  frm_none_container frm6\">\r\n\t<label for=\"field_s53pc\" id=\"field_s53pc_label\" class=\"frm_primary_label\">T\u00c9L\u00c9PHONE\r\n\t\t<span class=\"frm_required\" aria-hidden=\"true\"><\/span>\r\n\t<\/label>\r\n\t<input type=\"tel\" id=\"field_s53pc\" name=\"item_meta[8]\" value=\"\"  placeholder=\"T\u00c9L\u00c9PHONE\" data-invmsg=\"T\u00c9L\u00c9PHONE n&#039;est pas valide.\" aria-invalid=\"false\" pattern=\"((\\+\\d{1,3}(-|.| )?\\(?\\d\\)?(-| |.)?\\d{1,5})|(\\(?\\d{2,6}\\)?))(-|.| )?(\\d{3,4})(-|.| )?(\\d{4})(( x| ext)\\d{1,5}){0,1}$\"  \/>\r\n\t\r\n\t\r\n<\/div>\n<div id=\"frm_field_9_container\" class=\"frm_form_field form-field  frm_none_container frm6 frm_first\">\r\n\t<label for=\"field_gz8q4\" id=\"field_gz8q4_label\" class=\"frm_primary_label\">DATE DE NAISSANCE\r\n\t\t<span class=\"frm_required\" aria-hidden=\"true\"><\/span>\r\n\t<\/label>\r\n\t<input type=\"text\" id=\"field_gz8q4\" name=\"item_meta[9]\" value=\"\"  maxlength=\"10\" placeholder=\"DATE DE NAISSANCE\" data-invmsg=\"DATE DE NAISSANCE n&#039;est pas valide.\" class=\"frm_date\" aria-invalid=\"false\"  \/>\r\n\t\r\n\t\r\n<\/div>\n<div id=\"frm_field_10_container\" class=\"frm_form_field form-field  frm_required_field frm_none_container frm6 frm_other_container\">\r\n\t<label for=\"field_r04wg\" id=\"field_r04wg_label\" class=\"frm_primary_label\">PATHOLOGIE\r\n\t\t<span class=\"frm_required\" aria-hidden=\"true\">*<\/span>\r\n\t<\/label>\r\n\t\t\t<select name=\"item_meta[10]\" id=\"field_r04wg\"  data-placeholder=\"PATHOLOGIE\"  placeholder=\"PATHOLOGIE\" data-reqmsg=\"PATHOLOGIE ne peut pas \u00eatre vide.\" aria-required=\"true\" data-invmsg=\"PATHOLOGIE n&#039;est pas valide\" aria-invalid=\"false\"  >\n\t\t<option  class=\"frm-select-placeholder\" value=\"\" data-placeholder=\"true\">PATHOLOGIE<\/option><option  value=\"Genou\">Genou<\/option><option  value=\"Hanche\">Hanche<\/option><option  value=\"Autre\" class=\"frm_other_trigger\">Autre<\/option>\t<\/select>\n\t<label for=\"field_r04wg-otext\" class=\"frm_screen_reader frm_hidden\">PATHOLOGIE<\/label><input type=\"text\" id=\"field_r04wg-otext\" class=\"frm_other_input frm_pos_none\"  name=\"item_meta[other][10]\" value=\"\" \/>\r\n\t\r\n\t\r\n<\/div>\n<div id=\"frm_field_39_container\" class=\"frm_form_field form-field  frm_required_field frm_left_container assurance-title vertical_radio\">\n\t<div  id=\"field_5ze9i_label\" class=\"frm_primary_label\">ASSURANCE : \n\t\t<span class=\"frm_required\" aria-hidden=\"true\">*<\/span>\n\t<\/div>\n\t<div class=\"frm_opt_container\" aria-labelledby=\"field_5ze9i_label\" role=\"group\">\t\t<div class=\"frm_checkbox\" id=\"frm_checkbox_39-0\">\t\t\t<label  for=\"field_5ze9i-0\">\n\t\t\t<input type=\"checkbox\" name=\"item_meta[39][]\" id=\"field_5ze9i-0\" value=\"Base\"  data-frmlimit=\"2\"  data-frmmin=\"1\"  data-reqmsg=\"ASSURANCE :  cannot be blank.\" data-invmsg=\"ASSURANCE :  ne peut pas \u00eatre vide.\"   aria-required=\"true\"  \/> Base<\/label><\/div>\n\t\t<div class=\"frm_checkbox\" id=\"frm_checkbox_39-1\">\t\t\t<label  for=\"field_5ze9i-1\">\n\t\t\t<input type=\"checkbox\" name=\"item_meta[39][]\" id=\"field_5ze9i-1\" value=\"Compl\u00e9mentaire avec hospitalisation en clinique priv\u00e9e\"  data-frmlimit=\"2\"  data-frmmin=\"1\"  data-reqmsg=\"ASSURANCE :  cannot be blank.\" data-invmsg=\"ASSURANCE :  ne peut pas \u00eatre vide.\"   \/> Compl\u00e9mentaire avec hospitalisation en clinique priv\u00e9e<\/label><\/div>\n<\/div>\n\t\n\t\n<\/div>\n<div id=\"frm_field_5_container\" class=\"frm_form_field form-field  frm_required_field frm_none_container frm_full\">\r\n\t<label for=\"field_9jv0r1\" id=\"field_9jv0r1_label\" class=\"frm_primary_label\">VOTRE DEMANDE\r\n\t\t<span class=\"frm_required\" aria-hidden=\"true\">*<\/span>\r\n\t<\/label>\r\n\t<textarea name=\"item_meta[5]\" id=\"field_9jv0r1\" rows=\"9\"  placeholder=\"VOTRE DEMANDE\" data-reqmsg=\"VOTRE DEMANDE ne peut pas \u00eatre vide.\" aria-required=\"true\" data-invmsg=\"VOTRE DEMANDE n&#039;est pas valide.\" aria-invalid=\"false\"   aria-describedby=\"frm_desc_field_9jv0r1\"><\/textarea>\r\n\t<div class=\"frm_description\" id=\"frm_desc_field_9jv0r1\">Merci de nous transmettre le maximum\r\nd\u2019informations.<\/div>\r\n\t\r\n<\/div>\n<div id=\"frm_field_32_container\" class=\"frm_form_field form-field  frm_none_container frm12 frm_first vertical_radio\">\r\n\t<div  id=\"field_ysnei_label\" class=\"frm_primary_label\">Checkboxes\r\n\t\t<span class=\"frm_required\" aria-hidden=\"true\"><\/span>\r\n\t<\/div>\r\n\t<div class=\"frm_opt_container\" aria-labelledby=\"field_ysnei_label\" role=\"group\">\t\t<div class=\"frm_checkbox\" id=\"frm_checkbox_32-0\">\t\t\t<label  for=\"field_ysnei-0\">\n\t\t\t<input type=\"checkbox\" name=\"item_meta[32][]\" id=\"field_ysnei-0\" value=\"URGENCE\"  data-invmsg=\"Checkboxes n&#039;est pas valide.\"   \/> URGENCE<\/label><\/div>\n<\/div>\r\n\t\r\n\t\r\n<\/div>\n<div id=\"frm_field_14_container\" class=\"frm_form_field  frm_html_container form-field\">Veuillez ajouter vos documents m\u00e9dicaux essentiels pour faciliter votre consultation. Notre \u00e9quipe m\u00e9dicale pourra ainsi mieux vous aider. Si vous avez des questions, n\u2019h\u00e9sitez pas \u00e0 nous contacter.<\/div>\n<div id=\"frm_field_15_container\" class=\"frm_form_field form-field  frm_none_container frm_third frm_compact\">\r\n\t<label for=\"field_ag2eb\" id=\"field_ag2eb_label\" class=\"frm_primary_label\">File Upload\r\n\t\t<span class=\"frm_required\" aria-hidden=\"true\"><\/span>\r\n\t<\/label>\r\n\t<input type=\"hidden\"  data-invmsg=\"File Upload is invalid\" class=\"auto_width\" aria-invalid=\"false\"   name=\"item_meta[15][]\"  value=\"\" data-frmfile=\"15\" \/>\n\n<div class=\"frm_dropzone frm_multi_upload frm_clearfix\" id=\"file15_dropzone\" role=\"group\" >\n\t<div class=\"fallback\">\n\t\t<input type=\"file\" name=\"file15[]\" id=\"field_ag2eb\"\n\t\t\t data-frmfile=\"15\" multiple=\"multiple\"  data-invmsg=\"File Upload is invalid\" class=\"auto_width\" aria-invalid=\"false\"  \t\t\t\/>\n\t\t\t\t<div class=\"frm_clearfix \"><\/div>\n\t<\/div>\n\t<div class=\"dz-message needsclick\">\n\t\t\t\t<svg  viewBox=\"0 0 18 18\" class=\"frmsvg frm-svg-icon\">\n\t<path viewBox=\"0 0 18 18\" fill-rule=\"evenodd\" clip-rule=\"evenodd\" d=\"M8.2 4v8a.8.8 0 001.5 0V4l2.1 2.2A.7.7 0 1013 5L9.5 1.7a.7.7 0 00-1.1 0L5.1 5.2a.8.8 0 001 1l2.1-2zm7.6 4.3c.4 0 .7.3.7.7v6.8c0 .4-.3.7-.8.7H2.3a.8.8 0 01-.8-.8V9A.8.8 0 013 9v6h12V9c0-.4.3-.8.8-.8z\"><\/path>\n<\/svg>\t\t<span class=\"frm_upload_text\"><button type=\"button\" aria-label=\"File Upload. AJOUTER DES DOCUMENTS. Maximum file size: 7MB\">AJOUTER DES DOCUMENTS<\/button><\/span>\n\t\t<span class=\"frm_compact_text\"><button type=\"button\" aria-label=\"File Upload. AJOUTER DES DOCUMENTS. Maximum file size: 7MB\">AJOUTER DES DOCUMENTS<\/button><\/span>\n\t\t<div class=\"frm_small_text\">\n\t\t\t<p>Maximum file size: 7MB<\/p>\n\t\t<\/div>\n\t<\/div>\n<\/div>\n\t\r\n\t\r\n\t\r\n<\/div>\n<div id=\"frm_field_16_container\" class=\"frm_form_field  frm_two_thirds frm_html_container form-field\"><span style=\"color: #000000;\">AJOUTER VOS DOCUMENTS M\u00c9DICAUX (RAPPORT D\u2019IMAGERIE, RAPPORT DE CONSULTATION, ETC\u2026)<\/span><br \/>\n<span style=\"color: #9b9b99;\">TAILLE MAXIMALE AUTORIS\u00c9E POUR L\u2019ENSEMBLE DES FICHIERS: 7MB<\/span><br \/>\n<span style=\"color: #9b9b99;\">FORMATS: DOC, DOCX, PDF, JPEG, JPG, PNG<\/span><\/div>\n<div id=\"frm_field_34_container\" class=\"frm_form_field form-field  frm_none_container\">\r\n\t<label for=\"cf-turnstile-response\" id=\"field_qimpl_label\" class=\"frm_primary_label\">Captcha\r\n\t\t<span class=\"frm_required\" aria-hidden=\"true\"><\/span>\r\n\t<\/label>\r\n\t<div  id=\"field_qimpl\" class=\"frm-cf-turnstile\" data-sitekey=\"0x4AAAAAABo6lBfc0XpgOTHh\" data-language=\"en-US\" data-size=\"normal\" data-theme=\"light\"><\/div>\r\n\t\r\n\t\r\n<\/div>\n<div id=\"frm_field_6_container\" class=\"frm_form_field form-field  frm12\">\r\n\t<div class=\"frm_submit frm_flex\">\r\n<button class=\"frm_button_submit frm_final_submit\" type=\"submit\"   formnovalidate=\"formnovalidate\">ENVOYER<\/button>\r\n\r\n\r\n\r\n<\/div>\r\n<\/div>\n\t<input type=\"hidden\" name=\"item_key\" value=\"\" \/>\n\t\t\t<div id=\"frm_field_40_container\">\n\t\t\t<label for=\"field_5ijc4\" >\n\t\t\t\tIf you are human, leave this field blank.\t\t\t<\/label>\n\t\t\t<input  id=\"field_5ijc4\" type=\"text\" class=\"frm_form_field form-field frm_verify\" name=\"item_meta[40]\" value=\"\"  \/>\n\t\t<\/div>\n\t\t<input name=\"frm_state\" type=\"hidden\" value=\"FuhYt2MTFK2LQ4gcdbQG1aQ+NnVH5eywS0cw\/zg5VAUf7zeIPsN3R3cjB7FzHEqD\" \/><\/div>\n<\/fieldset>\n<\/div>\n\n<\/form>\n<\/div>\n\t\t\t\t<\/div>\n\t\t\t\t<\/div>\n\t\t\t\t\t<\/div>\n\t\t<\/div>\n\t\t\t\t\t<\/div>\n\t\t<\/section>\n\t\t\t\t<section class=\"elementor-section elementor-top-section elementor-element elementor-element-050b380 elementor-section-height-min-height elementor-section-boxed elementor-section-height-default elementor-section-items-middle\" data-id=\"050b380\" data-element_type=\"section\" data-e-type=\"section\" data-settings=\"{&quot;background_background&quot;:&quot;classic&quot;}\">\n\t\t\t\t\t\t<div class=\"elementor-container elementor-column-gap-default\">\n\t\t\t\t\t<div class=\"elementor-column elementor-col-100 elementor-top-column elementor-element elementor-element-d5cd829\" data-id=\"d5cd829\" data-element_type=\"column\" data-e-type=\"column\">\n\t\t\t<div class=\"elementor-widget-wrap elementor-element-populated\">\n\t\t\t\t\t\t<div class=\"elementor-element elementor-element-ab2c099 elementor-widget elementor-widget-heading\" data-id=\"ab2c099\" data-element_type=\"widget\" data-e-type=\"widget\" data-widget_type=\"heading.default\">\n\t\t\t\t<div class=\"elementor-widget-container\">\n\t\t\t\t\t<h1 class=\"elementor-heading-title elementor-size-default\">RENDEZ-VOUS EN LIGNE ONEDOC<\/h1>\t\t\t\t<\/div>\n\t\t\t\t<\/div>\n\t\t\t\t<div class=\"elementor-element elementor-element-31f7ef0 elementor-widget elementor-widget-text-editor\" data-id=\"31f7ef0\" data-element_type=\"widget\" data-e-type=\"widget\" data-widget_type=\"text-editor.default\">\n\t\t\t\t<div class=\"elementor-widget-container\">\n\t\t\t\t\t\t\t\t\t<div class=\"sp\"><div class=\"inspectLayerContent block inspectRow\"><div class=\"content\"><div class=\"sp\"><div class=\"inspectLayerContent block inspectRow\"><div class=\"content\"><div class=\"sp\"><div class=\"inspectLayerContent block inspectRow\"><div class=\"content\"><div class=\"sp\"><div class=\"inspectLayerContent block inspectRow\"><div class=\"content\"><div class=\"sp\"><div class=\"inspectLayerContent block inspectRow\"><div class=\"content\"><div class=\"sp\"><div class=\"inspectLayerContent block inspectRow\"><div class=\"content\">Prenez rendez-vous en ligne d\u00e8s aujourd\u2019hui avec OneDoc pour des consultations m\u00e9dicales efficaces et adapt\u00e9es \u00e0 vos besoins. Que vous pr\u00e9f\u00e9riez notre emplacement sur la Rue du Rh\u00f4ne ou \u00e0 la Clinique Grangette, notre plateforme vous offre la flexibilit\u00e9 de choisir l\u2019heure qui vous convient le mieux.<\/div><\/div><\/div><\/div><\/div><\/div><\/div><\/div><\/div><\/div><\/div><\/div><\/div><\/div><\/div><\/div><\/div><\/div>\t\t\t\t\t\t\t\t<\/div>\n\t\t\t\t<\/div>\n\t\t\t\t<section class=\"elementor-section elementor-inner-section elementor-element elementor-element-9efdea4 elementor-section-boxed elementor-section-height-default elementor-section-height-default\" data-id=\"9efdea4\" data-element_type=\"section\" data-e-type=\"section\">\n\t\t\t\t\t\t<div class=\"elementor-container elementor-column-gap-default\">\n\t\t\t\t\t<div class=\"elementor-column elementor-col-33 elementor-inner-column elementor-element elementor-element-4b1aa88\" data-id=\"4b1aa88\" data-element_type=\"column\" data-e-type=\"column\">\n\t\t\t<div class=\"elementor-widget-wrap elementor-element-populated\">\n\t\t\t\t\t\t<div class=\"elementor-element elementor-element-23b6070 elementor-align-justify elementor-widget elementor-widget-button\" data-id=\"23b6070\" data-element_type=\"widget\" data-e-type=\"widget\" data-widget_type=\"button.default\">\n\t\t\t\t<div class=\"elementor-widget-container\">\n\t\t\t\t\t\t\t\t\t<div class=\"elementor-button-wrapper\">\n\t\t\t\t\t<a class=\"elementor-button elementor-button-link elementor-size-sm\" href=\"https:\/\/www.onedoc.ch\/fr\/chirurgien-orthopediste\/geneve\/pclt8\/dr-benoit-coulin-rhone-medical-center\" target=\"_blank\" rel=\"noopener\">\n\t\t\t\t\t\t<span class=\"elementor-button-content-wrapper\">\n\t\t\t\t\t\t\t\t\t<span class=\"elementor-button-text\">CABINET RUE DU RHONE<\/span>\n\t\t\t\t\t<\/span>\n\t\t\t\t\t<\/a>\n\t\t\t\t<\/div>\n\t\t\t\t\t\t\t\t<\/div>\n\t\t\t\t<\/div>\n\t\t\t\t\t<\/div>\n\t\t<\/div>\n\t\t\t\t<div class=\"elementor-column elementor-col-33 elementor-inner-column elementor-element elementor-element-68b704a\" data-id=\"68b704a\" data-element_type=\"column\" data-e-type=\"column\">\n\t\t\t<div class=\"elementor-widget-wrap elementor-element-populated\">\n\t\t\t\t\t\t<div class=\"elementor-element elementor-element-1ef2b0e elementor-align-justify elementor-widget elementor-widget-button\" data-id=\"1ef2b0e\" data-element_type=\"widget\" data-e-type=\"widget\" data-widget_type=\"button.default\">\n\t\t\t\t<div class=\"elementor-widget-container\">\n\t\t\t\t\t\t\t\t\t<div class=\"elementor-button-wrapper\">\n\t\t\t\t\t<a class=\"elementor-button elementor-button-link elementor-size-sm\" href=\"https:\/\/www.onedoc.ch\/fr\/chirurgien-orthopediste\/chene-bougeries\/pclrr\/dr-med-benoit-coulin-clinique-des-grangettes\" target=\"_blank\" rel=\"noopener\">\n\t\t\t\t\t\t<span class=\"elementor-button-content-wrapper\">\n\t\t\t\t\t\t\t\t\t<span class=\"elementor-button-text\">CABINET GRANGETTES<\/span>\n\t\t\t\t\t<\/span>\n\t\t\t\t\t<\/a>\n\t\t\t\t<\/div>\n\t\t\t\t\t\t\t\t<\/div>\n\t\t\t\t<\/div>\n\t\t\t\t\t<\/div>\n\t\t<\/div>\n\t\t\t\t<div class=\"elementor-column elementor-col-33 elementor-inner-column elementor-element elementor-element-633f8c8\" data-id=\"633f8c8\" data-element_type=\"column\" data-e-type=\"column\">\n\t\t\t<div class=\"elementor-widget-wrap elementor-element-populated\">\n\t\t\t\t\t\t<div class=\"elementor-element elementor-element-a11c97b elementor-align-justify elementor-widget elementor-widget-button\" data-id=\"a11c97b\" data-element_type=\"widget\" data-e-type=\"widget\" data-widget_type=\"button.default\">\n\t\t\t\t<div class=\"elementor-widget-container\">\n\t\t\t\t\t\t\t\t\t<div class=\"elementor-button-wrapper\">\n\t\t\t\t\t<a class=\"elementor-button elementor-button-link elementor-size-sm\" href=\"#\" target=\"_blank\">\n\t\t\t\t\t\t<span class=\"elementor-button-content-wrapper\">\n\t\t\t\t\t\t\t\t\t<span class=\"elementor-button-text\">CABINET LA COLLINE<\/span>\n\t\t\t\t\t<\/span>\n\t\t\t\t\t<\/a>\n\t\t\t\t<\/div>\n\t\t\t\t\t\t\t\t<\/div>\n\t\t\t\t<\/div>\n\t\t\t\t\t<\/div>\n\t\t<\/div>\n\t\t\t\t\t<\/div>\n\t\t<\/section>\n\t\t\t\t\t<\/div>\n\t\t<\/div>\n\t\t\t\t\t<\/div>\n\t\t<\/section>\n\t\t\t\t<\/div>\n\t\t","protected":false},"excerpt":{"rendered":"<p>PRENDRE RENDEZ-VOUS \u00abVotre premier pas vers des articulations en bonne sant\u00e9.\u00bb Prenez rendez-vous d\u00e8s aujourd\u2019hui pour une consultation avec le Dr. Coulin. Nous sommes l\u00e0 pour vous aider \u00e0 retrouver votre mobilit\u00e9 et votre confort articulaire. Remplissez le formulaire ci-dessous et notre \u00e9quipe vous contactera dans les plus brefs d\u00e9lais pour confirmer votre rendez-vous. Contact [&hellip;]<\/p>\n","protected":false},"author":1,"featured_media":0,"parent":0,"menu_order":0,"comment_status":"closed","ping_status":"closed","template":"elementor_header_footer","meta":{"_acf_changed":false,"footnotes":""},"class_list":["post-15955","page","type-page","status-publish","hentry"],"acf":[],"_links":{"self":[{"href":"https:\/\/coulinmedical.com\/en\/wp-json\/wp\/v2\/pages\/15955","targetHints":{"allow":["GET"]}}],"collection":[{"href":"https:\/\/coulinmedical.com\/en\/wp-json\/wp\/v2\/pages"}],"about":[{"href":"https:\/\/coulinmedical.com\/en\/wp-json\/wp\/v2\/types\/page"}],"author":[{"embeddable":true,"href":"https:\/\/coulinmedical.com\/en\/wp-json\/wp\/v2\/users\/1"}],"replies":[{"embeddable":true,"href":"https:\/\/coulinmedical.com\/en\/wp-json\/wp\/v2\/comments?post=15955"}],"version-history":[{"count":547,"href":"https:\/\/coulinmedical.com\/en\/wp-json\/wp\/v2\/pages\/15955\/revisions"}],"predecessor-version":[{"id":23533,"href":"https:\/\/coulinmedical.com\/en\/wp-json\/wp\/v2\/pages\/15955\/revisions\/23533"}],"wp:attachment":[{"href":"https:\/\/coulinmedical.com\/en\/wp-json\/wp\/v2\/media?parent=15955"}],"curies":[{"name":"wp","href":"https:\/\/api.w.org\/{rel}","templated":true}]}}